{"id":11,"date":"2025-12-01T23:53:11","date_gmt":"2025-12-01T23:53:11","guid":{"rendered":"https:\/\/ehub.buzzpulse.pl\/?page_id=11"},"modified":"2025-12-01T23:53:12","modified_gmt":"2025-12-01T23:53:12","slug":"zwroty","status":"publish","type":"page","link":"https:\/\/ehub.buzzpulse.pl\/index.php\/zwroty\/","title":{"rendered":"Zwroty i Reklamacje"},"content":{"rendered":"\n<h3>Zwroty (Odst\u0105pienie od umowy)<\/h3>\n<p>Masz prawo zwr\u00f3ci\u0107 zakupiony produkt w ci\u0105gu <strong>14 dni<\/strong> od momentu otrzymania przesy\u0142ki bez podania przyczyny.<\/p>\n<p><strong>Jak dokona\u0107 zwrotu?<\/strong><br>\n1. Poinformuj nas o ch\u0119ci zwrotu mailowo na adres: <strong>ehub@ehub.studio<\/strong><br>\n2. Zapakuj bezpiecznie produkt.<br>\n3. Ode\u015blij produkt na adres:<br>\nRoman Korzhov<br>\nul. Idzikowskiego 44\/9<br>\n54-129 Wroc\u0142aw<\/p>\n<p>Zwr\u00f3cimy Ci wp\u0142acone \u015brodki niezw\u0142ocznie, nie p\u00f3\u017aniej ni\u017c w ci\u0105gu 14 dni od otrzymania zwrotu.<\/p>\n\n<p><strong>\u26a0\ufe0f Wa\u017cne: Wyj\u0105tki od zwrotu<\/strong><br>\nZgodnie z art. 38 ustawy o prawach konsumenta, zwrotowi nie podlegaj\u0105 produkty <strong>wyprodukowane wed\u0142ug specyfikacji konsumenta<\/strong> (np. wydruki 3D na indywidualne zam\u00f3wienie, spersonalizowane napisy, projekty wykonane na specjalne \u017cyczenie).<\/p>\n\n<h3>Reklamacje<\/h3>\n<p>Dbamy o najwy\u017csz\u0105 jako\u015b\u0107 druku na drukarkach Bambu Lab, ale je\u015bli produkt posiada wad\u0119, masz prawo do reklamacji.<\/p>\n<p>Napisz do nas na <strong>ehub@ehub.studio<\/strong>, opisuj\u0105c wad\u0119 i (je\u015bli to mo\u017cliwe) do\u0142\u0105czaj\u0105c zdj\u0119cia. Rozpatrzymy Twoj\u0105 reklamacj\u0119 w ci\u0105gu 14 dni.<\/p>\n","protected":false},"excerpt":{"rendered":"<p>Zwroty (Odst\u0105pienie od umowy) Masz prawo zwr\u00f3ci\u0107 zakupiony produkt w ci\u0105gu 14 dni od momentu otrzymania przesy\u0142ki bez podania przyczyny. Jak dokona\u0107 zwrotu? 1. Poinformuj nas o ch\u0119ci zwrotu mailowo na adres: ehub@ehub.studio 2. Zapakuj bezpiecznie produkt. 3. Ode\u015blij produkt na adres: Roman Korzhov ul. Idzikowskiego 44\/9 54-129 Wroc\u0142aw Zwr\u00f3cimy Ci wp\u0142acone \u015brodki niezw\u0142ocznie, nie [&hellip;]<\/p>\n","protected":false},"author":1,"featured_media":0,"parent":0,"menu_order":0,"comment_status":"closed","ping_status":"closed","template":"","meta":{"footnotes":""},"class_list":["post-11","page","type-page","status-publish","hentry"],"blocksy_meta":[],"_links":{"self":[{"href":"https:\/\/ehub.buzzpulse.pl\/index.php\/wp-json\/wp\/v2\/pages\/11","targetHints":{"allow":["GET"]}}],"collection":[{"href":"https:\/\/ehub.buzzpulse.pl\/index.php\/wp-json\/wp\/v2\/pages"}],"about":[{"href":"https:\/\/ehub.buzzpulse.pl\/index.php\/wp-json\/wp\/v2\/types\/page"}],"author":[{"embeddable":true,"href":"https:\/\/ehub.buzzpulse.pl\/index.php\/wp-json\/wp\/v2\/users\/1"}],"replies":[{"embeddable":true,"href":"https:\/\/ehub.buzzpulse.pl\/index.php\/wp-json\/wp\/v2\/comments?post=11"}],"version-history":[{"count":2,"href":"https:\/\/ehub.buzzpulse.pl\/index.php\/wp-json\/wp\/v2\/pages\/11\/revisions"}],"predecessor-version":[{"id":700,"href":"https:\/\/ehub.buzzpulse.pl\/index.php\/wp-json\/wp\/v2\/pages\/11\/revisions\/700"}],"wp:attachment":[{"href":"https:\/\/ehub.buzzpulse.pl\/index.php\/wp-json\/wp\/v2\/media?parent=11"}],"curies":[{"name":"wp","href":"https:\/\/api.w.org\/{rel}","templated":true}]}}