{"id":702,"date":"2025-12-01T23:55:27","date_gmt":"2025-12-01T23:55:27","guid":{"rendered":"https:\/\/ehub.buzzpulse.pl\/?page_id=702"},"modified":"2025-12-01T23:55:28","modified_gmt":"2025-12-01T23:55:28","slug":"regulamin-sklepu-internetowego","status":"publish","type":"page","link":"https:\/\/ehub.buzzpulse.pl\/index.php\/regulamin-sklepu-internetowego\/","title":{"rendered":"Regulamin Sklepu Internetowego"},"content":{"rendered":"\n<h3>\u00a7 1. Postanowienia og\u00f3lne<\/h3>\n<p>1. Sklep internetowy dost\u0119pny pod adresem internetowym [Tvoj_Domen.pl] prowadzony jest przez Romana Korzhova prowadz\u0105cego dzia\u0142alno\u015b\u0107 gospodarcz\u0105 pod firm\u0105 Roman Korzhov, wpisan\u0105 do Centralnej Ewidencji i Informacji o Dzia\u0142alno\u015bci Gospodarczej (CEIDG), adres siedziby: ul. Idzikowskiego 44\/9, 54-129 Wroc\u0142aw, NIP: 8943202520, REGON: 524163417, adres poczty elektronicznej: ehub@ehub.studio.<\/p>\n<p>2. Niniejszy Regulamin skierowany jest zar\u00f3wno do konsument\u00f3w, jak i do przedsi\u0119biorc\u00f3w korzystaj\u0105cych ze Sklepu i okre\u015bla zasady korzystania ze Sklepu internetowego oraz zasady i tryb zawierania Um\u00f3w Sprzeda\u017cy z Klientem na odleg\u0142o\u015b\u0107 za po\u015brednictwem Sklepu.<\/p>\n\n<h3>\u00a7 2. Kontakt ze Sklepem<\/h3>\n<p>1. Adres Sprzedawcy: ul. Idzikowskiego 44\/9, 54-129 Wroc\u0142aw<br>\n2. Adres e-mail Sprzedawcy: ehub@ehub.studio<br>\n3. Klient mo\u017ce porozumiewa\u0107 si\u0119 ze Sprzedawc\u0105 za pomoc\u0105 adresu e-mail podanego w niniejszym paragrafie.<\/p>\n\n<h3>\u00a7 3. Informacje o produktach (Druk 3D)<\/h3>\n<p>1. Produkty dost\u0119pne w asortymencie sklepu s\u0105 nowe i wolne od wad fizycznych i prawnych.<br>\n2. Sklep oferuje produkty wykonane w technologii druku 3D (FDM). Specyfika tej technologii mo\u017ce powodowa\u0107 wyst\u0119powanie widocznych warstw (linii) na powierzchni produktu, co jest cech\u0105 charakterystyczn\u0105 druku 3D, a nie wad\u0105 produktu.<\/p>\n\n<h3>\u00a7 4. Zasady sk\u0142adania Zam\u00f3wienia<\/h3>\n<p>1. W celu z\u0142o\u017cenia Zam\u00f3wienia nale\u017cy:<br>\na) wybra\u0107 Produkt b\u0119d\u0105cy przedmiotem Zam\u00f3wienia, a nast\u0119pnie klikn\u0105\u0107 przycisk \u201eDo koszyka\u201d;<br>\nb) wype\u0142ni\u0107 Formularz zam\u00f3wienia, wpisuj\u0105c dane odbiorcy zam\u00f3wienia oraz adres dostawy;<br>\nc) wybra\u0107 rodzaj przesy\u0142ki oraz metod\u0119 p\u0142atno\u015bci;<br>\nd) klikn\u0105\u0107 przycisk \u201cKupuj\u0119 i p\u0142ac\u0119\u201d (lub r\u00f3wnoznaczny).<\/p>\n\n<h3>\u00a7 5. Dostawa i p\u0142atno\u015b\u0107<\/h3>\n<p>1. Klient mo\u017ce skorzysta\u0107 z nast\u0119puj\u0105cych metod dostawy lub odbioru zam\u00f3wionego Produktu:<br>\na) Przesy\u0142ka kurierska,<br>\nb) Paczkomaty InPost.<br>\n2. Klient mo\u017ce skorzysta\u0107 z p\u0142atno\u015bci elektronicznych (np. BLIK, szybkie przelewy, karty p\u0142atnicze).<\/p>\n\n<h3>\u00a7 6. Prawo odst\u0105pienia od umowy (Zwroty)<\/h3>\n<p>1. Konsument mo\u017ce w terminie 14 dni odst\u0105pi\u0107 od Umowy Sprzeda\u017cy bez podania jakiejkolwiek przyczyny.<br>\n2. Bieg terminu okre\u015blonego w ust. 1 rozpoczyna si\u0119 od dostarczenia Produktu Konsumentowi.<br>\n3. O\u015bwiadczenie mo\u017cna z\u0142o\u017cy\u0107 drog\u0105 elektroniczn\u0105 na adres: ehub@ehub.studio.<br>\n4. <strong>Wyj\u0105tek od prawa odst\u0105pienia od umowy:<\/strong> Prawo odst\u0105pienia od umowy zawartej na odleg\u0142o\u015b\u0107 nie przys\u0142uguje Konsumentowi w odniesieniu do um\u00f3w, w kt\u00f3rej przedmiotem \u015bwiadczenia jest rzecz nieprefabrykowana, wyprodukowana wed\u0142ug specyfikacji konsumenta lub s\u0142u\u017c\u0105ca zaspokojeniu jego zindywidualizowanych potrzeb (np. wydruki 3D na specjalne zam\u00f3wienie, z w\u0142asnego pliku klienta, personalizowane napisy).<\/p>\n\n<h3>\u00a7 7. Reklamacja i gwarancja<\/h3>\n<p>1. Umow\u0105 Sprzeda\u017cy obj\u0119te s\u0105 nowe Produkty.<br>\n2. W przypadku wyst\u0105pienia wady zakupionego u Sprzedawcy towaru Klient ma prawo do reklamacji w oparciu o przepisy dotycz\u0105ce r\u0119kojmi w kodeksie cywilnym.<br>\n3. Reklamacj\u0119 nale\u017cy zg\u0142osi\u0107 drog\u0105 elektroniczn\u0105 na podany adres e-mail Sprzedawcy.<\/p>\n\n<h3>\u00a7 8. Pozas\u0105dowe sposoby rozpatrywania reklamacji i dochodzenia roszcze\u0144<\/h3>\n<p>1. Szczeg\u00f3\u0142owe informacje dotycz\u0105ce mo\u017cliwo\u015bci skorzystania przez Konsumenta z pozas\u0105dowych sposob\u00f3w rozpatrywania reklamacji i dochodzenia roszcze\u0144 oraz zasady dost\u0119pu do tych procedur dost\u0119pne s\u0105 w siedzibach oraz na stronach internetowych powiatowych (miejskich) rzecznik\u00f3w konsument\u00f3w, organizacji spo\u0142ecznych, do kt\u00f3rych zada\u0144 statutowych nale\u017cy ochrona konsument\u00f3w, Wojew\u00f3dzkich Inspektorat\u00f3w Inspekcji Handlowej oraz pod adresem internetowym Urz\u0119du Ochrony Konkurencji i Konsument\u00f3w.<\/p>\n\n<h3>\u00a7 9. Dane osobowe (RODO)<\/h3>\n<p>1. Administratorem danych osobowych Klient\u00f3w zbieranych za po\u015brednictwem Sklepu internetowego jest Sprzedawca.<br>\n2. Szczeg\u00f3\u0142y dotycz\u0105ce przetwarzania danych znajduj\u0105 si\u0119 w Polityce Prywatno\u015bci.<\/p>\n","protected":false},"excerpt":{"rendered":"<p>\u00a7 1. Postanowienia og\u00f3lne 1. Sklep internetowy dost\u0119pny pod adresem internetowym [Tvoj_Domen.pl] prowadzony jest przez Romana Korzhova prowadz\u0105cego dzia\u0142alno\u015b\u0107 gospodarcz\u0105 pod firm\u0105 Roman Korzhov, wpisan\u0105 do Centralnej Ewidencji i Informacji o Dzia\u0142alno\u015bci Gospodarczej (CEIDG), adres siedziby: ul. Idzikowskiego 44\/9, 54-129 Wroc\u0142aw, NIP: 8943202520, REGON: 524163417, adres poczty elektronicznej: ehub@ehub.studio. 2. Niniejszy Regulamin skierowany jest zar\u00f3wno [&hellip;]<\/p>\n","protected":false},"author":1,"featured_media":0,"parent":0,"menu_order":0,"comment_status":"closed","ping_status":"closed","template":"","meta":{"footnotes":""},"class_list":["post-702","page","type-page","status-publish","hentry"],"blocksy_meta":[],"_links":{"self":[{"href":"https:\/\/ehub.buzzpulse.pl\/index.php\/wp-json\/wp\/v2\/pages\/702","targetHints":{"allow":["GET"]}}],"collection":[{"href":"https:\/\/ehub.buzzpulse.pl\/index.php\/wp-json\/wp\/v2\/pages"}],"about":[{"href":"https:\/\/ehub.buzzpulse.pl\/index.php\/wp-json\/wp\/v2\/types\/page"}],"author":[{"embeddable":true,"href":"https:\/\/ehub.buzzpulse.pl\/index.php\/wp-json\/wp\/v2\/users\/1"}],"replies":[{"embeddable":true,"href":"https:\/\/ehub.buzzpulse.pl\/index.php\/wp-json\/wp\/v2\/comments?post=702"}],"version-history":[{"count":1,"href":"https:\/\/ehub.buzzpulse.pl\/index.php\/wp-json\/wp\/v2\/pages\/702\/revisions"}],"predecessor-version":[{"id":703,"href":"https:\/\/ehub.buzzpulse.pl\/index.php\/wp-json\/wp\/v2\/pages\/702\/revisions\/703"}],"wp:attachment":[{"href":"https:\/\/ehub.buzzpulse.pl\/index.php\/wp-json\/wp\/v2\/media?parent=702"}],"curies":[{"name":"wp","href":"https:\/\/api.w.org\/{rel}","templated":true}]}}