{"id":8,"date":"2025-11-29T23:15:03","date_gmt":"2025-11-29T23:15:03","guid":{"rendered":"https:\/\/ehub.buzzpulse.pl\/index.php\/koszyk\/"},"modified":"2025-12-13T20:13:09","modified_gmt":"2025-12-13T20:13:09","slug":"koszyk","status":"publish","type":"page","link":"https:\/\/ehub.buzzpulse.pl\/index.php\/koszyk\/","title":{"rendered":"Koszyk"},"content":{"rendered":"\n<div data-block-name=\"woocommerce\/cart\" class=\"wp-block-woocommerce-cart alignwide is-loading\">\n<div data-block-name=\"woocommerce\/filled-cart-block\" class=\"wp-block-woocommerce-filled-cart-block\">\n<div data-block-name=\"woocommerce\/cart-items-block\" class=\"wp-block-woocommerce-cart-items-block\">\n<div data-block-name=\"woocommerce\/cart-line-items-block\" class=\"wp-block-woocommerce-cart-line-items-block\"><\/div>\n\n\n<\/div>\n\n\n\n\n<div data-block-name=\"woocommerce\/cart-totals-block\" class=\"wp-block-woocommerce-cart-totals-block\">\n<div data-block-name=\"woocommerce\/cart-order-summary-block\" class=\"wp-block-woocommerce-cart-order-summary-block\">\n<div data-block-name=\"woocommerce\/cart-order-summary-heading-block\" class=\"wp-block-woocommerce-cart-order-summary-heading-block\"><\/div><div data-block-name=\"woocommerce\/cart-order-summary-coupon-form-block\" class=\"wp-block-woocommerce-cart-order-summary-coupon-form-block\"><\/div><div data-block-name=\"woocommerce\/cart-order-summary-totals-block\" class=\"wp-block-woocommerce-cart-order-summary-totals-block\">\n<div data-block-name=\"woocommerce\/cart-order-summary-subtotal-block\" class=\"wp-block-woocommerce-cart-order-summary-subtotal-block\"><\/div>\n<div data-block-name=\"woocommerce\/cart-order-summary-discount-block\" class=\"wp-block-woocommerce-cart-order-summary-discount-block\"><\/div>\n<div data-block-name=\"woocommerce\/cart-order-summary-fee-block\" class=\"wp-block-woocommerce-cart-order-summary-fee-block\"><\/div>\n<div data-block-name=\"woocommerce\/cart-order-summary-shipping-block\" class=\"wp-block-woocommerce-cart-order-summary-shipping-block\"><\/div>\n<div data-block-name=\"woocommerce\/cart-order-summary-taxes-block\" class=\"wp-block-woocommerce-cart-order-summary-taxes-block\"><\/div><\/div>\n<\/div>\n\n\n\n<div data-block-name=\"woocommerce\/cart-express-payment-block\" class=\"wp-block-woocommerce-cart-express-payment-block\"><\/div>\n\n\n\n<div data-block-name=\"woocommerce\/proceed-to-checkout-block\" class=\"wp-block-woocommerce-proceed-to-checkout-block\"><\/div>\n\n\n\n<div data-block-name=\"woocommerce\/cart-accepted-payment-methods-block\" class=\"wp-block-woocommerce-cart-accepted-payment-methods-block\"><\/div>\n<\/div>\n<\/div>\n\n\n\n<div data-block-name=\"woocommerce\/empty-cart-block\" class=\"wp-block-woocommerce-empty-cart-block\">\n<h2 class=\"wp-block-heading has-text-align-center with-empty-cart-icon wc-block-cart__empty-cart__title\">Tw\u00f3j koszyk jest obecnie pusty!<\/h2>\n\n\n\n<hr class=\"wp-block-separator has-alpha-channel-opacity is-style-dots\"\/>\n\n\n\n<h2 class=\"wp-block-heading has-text-align-center\">Nowe w sklepie<\/h2>\n\n\n<div data-block-name=\"woocommerce\/product-new\" data-columns=\"4\" data-rows=\"1\" class=\"wc-block-grid wp-block-product-new wp-block-woocommerce-product-new wc-block-product-new has-4-columns\"><ul class=\"wc-block-grid__products\"><li class=\"wc-block-grid__product\">\n\t\t\t\t<a href=\"https:\/\/ehub.buzzpulse.pl\/index.php\/produkt\/tabliczki-toaletowe-swiecace-w-ciemnosci-10x6-cm-z-pla\/\" class=\"wc-block-grid__product-link\">\n\t\t\t\t\t\n\t\t\t\t\t<div class=\"wc-block-grid__product-image\"><div style=\"position:relative;width:100%;height:100%;\"><img loading=\"lazy\" decoding=\"async\" width=\"300\" height=\"300\" src=\"https:\/\/ehub.buzzpulse.pl\/wp-content\/uploads\/2025\/12\/5019065945d5dc7441ed9216b8ef6533-2-300x300.png\" class=\"attachment-woocommerce_thumbnail size-woocommerce_thumbnail\" alt=\"a418550b49b0c9f4e6734b2b2118614c\" srcset=\"https:\/\/ehub.buzzpulse.pl\/wp-content\/uploads\/2025\/12\/5019065945d5dc7441ed9216b8ef6533-2-300x300.png 300w, https:\/\/ehub.buzzpulse.pl\/wp-content\/uploads\/2025\/12\/5019065945d5dc7441ed9216b8ef6533-2-150x150.png 150w, https:\/\/ehub.buzzpulse.pl\/wp-content\/uploads\/2025\/12\/5019065945d5dc7441ed9216b8ef6533-2-100x100.png 100w\" sizes=\"auto, (max-width: 300px) 100vw, 300px\" title=\"\"><\/div><\/div>\n\t\t\t\t\t<div class=\"wc-block-grid__product-title\">Tabliczki toaletowe \u015bwiec\u0105ce w ciemno\u015bci, 10&#215;6 cm z PLA<\/div>\n\t\t\t\t<\/a>\n\t\t\t\t<div class=\"wc-block-grid__product-price price\"><span class=\"woocommerce-Price-amount amount\">23,91&nbsp;<span class=\"woocommerce-Price-currencySymbol\">&#122;&#322;<\/span><\/span><\/div>\n\t\t\t\t\n\t\t\t\t<div class=\"wp-block-button wc-block-grid__product-add-to-cart\"><a href=\"\/index.php\/wp-json\/wp\/v2\/pages\/8?add-to-cart=2120\" aria-label=\"Dodaj do koszyka: &bdquo;Tabliczki toaletowe \u015bwiec\u0105ce w ciemno\u015bci, 10x6 cm z PLA&rdquo;\" data-quantity=\"1\" data-product_id=\"2120\" data-product_sku=\"EHUB00000031\" data-price=\"23.91\" rel=\"nofollow\" class=\"wp-block-button__link  add_to_cart_button ajax_add_to_cart\">Dodaj do koszyka<\/a><\/div>\n\t\t\t<\/li><li class=\"wc-block-grid__product\">\n\t\t\t\t<a href=\"https:\/\/ehub.buzzpulse.pl\/index.php\/produkt\/adapter-do-odkurzacza-4-na-225-kompatybilny-i-trwaly-czarny\/\" class=\"wc-block-grid__product-link\">\n\t\t\t\t\t\n\t\t\t\t\t<div class=\"wc-block-grid__product-image\"><div style=\"position:relative;width:100%;height:100%;\"><img loading=\"lazy\" decoding=\"async\" width=\"300\" height=\"300\" src=\"https:\/\/ehub.buzzpulse.pl\/wp-content\/uploads\/2025\/12\/0e59bb40cb24127b8fa84af6ec409469-300x300.png\" class=\"attachment-woocommerce_thumbnail size-woocommerce_thumbnail\" alt=\"811a1cdeddf68b2b156727bba7e03e86\" srcset=\"https:\/\/ehub.buzzpulse.pl\/wp-content\/uploads\/2025\/12\/0e59bb40cb24127b8fa84af6ec409469-300x300.png 300w, https:\/\/ehub.buzzpulse.pl\/wp-content\/uploads\/2025\/12\/0e59bb40cb24127b8fa84af6ec409469-150x150.png 150w, https:\/\/ehub.buzzpulse.pl\/wp-content\/uploads\/2025\/12\/0e59bb40cb24127b8fa84af6ec409469-100x100.png 100w\" sizes=\"auto, (max-width: 300px) 100vw, 300px\" title=\"\"><\/div><\/div>\n\t\t\t\t\t<div class=\"wc-block-grid__product-title\">Adapter do odkurzacza 4&#8243; na 2,25&#8243; &#8211; kompatybilny i trwa\u0142y, czarny<\/div>\n\t\t\t\t<\/a>\n\t\t\t\t<div class=\"wc-block-grid__product-price price\"><span class=\"woocommerce-Price-amount amount\">40,09&nbsp;<span class=\"woocommerce-Price-currencySymbol\">&#122;&#322;<\/span><\/span><\/div>\n\t\t\t\t\n\t\t\t\t<div class=\"wp-block-button wc-block-grid__product-add-to-cart\"><a href=\"\/index.php\/wp-json\/wp\/v2\/pages\/8?add-to-cart=2113\" aria-label=\"Dodaj do koszyka: &bdquo;Adapter do odkurzacza 4&quot; na 2,25&quot; - kompatybilny i trwa\u0142y, czarny&rdquo;\" data-quantity=\"1\" data-product_id=\"2113\" data-product_sku=\"EHUB00000046\" data-price=\"40.09\" rel=\"nofollow\" class=\"wp-block-button__link  add_to_cart_button ajax_add_to_cart\">Dodaj do koszyka<\/a><\/div>\n\t\t\t<\/li><li class=\"wc-block-grid__product\">\n\t\t\t\t<a href=\"https:\/\/ehub.buzzpulse.pl\/index.php\/produkt\/adapter-do-odkurzacza-4-na-225-kompatybilny-i-trwaly-bialy\/\" class=\"wc-block-grid__product-link\">\n\t\t\t\t\t\n\t\t\t\t\t<div class=\"wc-block-grid__product-image\"><div style=\"position:relative;width:100%;height:100%;\"><img loading=\"lazy\" decoding=\"async\" width=\"300\" height=\"300\" src=\"https:\/\/ehub.buzzpulse.pl\/wp-content\/uploads\/2025\/12\/306795a2a508834a127b6dd87b4b8949-300x300.png\" class=\"attachment-woocommerce_thumbnail size-woocommerce_thumbnail\" alt=\"b81408eacb525f59b7116ab97ddb0bb8\" srcset=\"https:\/\/ehub.buzzpulse.pl\/wp-content\/uploads\/2025\/12\/306795a2a508834a127b6dd87b4b8949-300x300.png 300w, https:\/\/ehub.buzzpulse.pl\/wp-content\/uploads\/2025\/12\/306795a2a508834a127b6dd87b4b8949-150x150.png 150w, https:\/\/ehub.buzzpulse.pl\/wp-content\/uploads\/2025\/12\/306795a2a508834a127b6dd87b4b8949-100x100.png 100w\" sizes=\"auto, (max-width: 300px) 100vw, 300px\" title=\"\"><\/div><\/div>\n\t\t\t\t\t<div class=\"wc-block-grid__product-title\">Adapter do odkurzacza 4&#8243; na 2,25&#8243; &#8211; kompatybilny i trwa\u0142y, bia\u0142y<\/div>\n\t\t\t\t<\/a>\n\t\t\t\t<div class=\"wc-block-grid__product-price price\"><span class=\"woocommerce-Price-amount amount\">40,09&nbsp;<span class=\"woocommerce-Price-currencySymbol\">&#122;&#322;<\/span><\/span><\/div>\n\t\t\t\t\n\t\t\t\t<div class=\"wp-block-button wc-block-grid__product-add-to-cart\"><a href=\"\/index.php\/wp-json\/wp\/v2\/pages\/8?add-to-cart=2110\" aria-label=\"Dodaj do koszyka: &bdquo;Adapter do odkurzacza 4&quot; na 2,25&quot; - kompatybilny i trwa\u0142y, bia\u0142y&rdquo;\" data-quantity=\"1\" data-product_id=\"2110\" data-product_sku=\"EHUB00000045\" data-price=\"40.09\" rel=\"nofollow\" class=\"wp-block-button__link  add_to_cart_button ajax_add_to_cart\">Dodaj do koszyka<\/a><\/div>\n\t\t\t<\/li><li class=\"wc-block-grid__product\">\n\t\t\t\t<a href=\"https:\/\/ehub.buzzpulse.pl\/index.php\/produkt\/organizer-3d-koszyk-swinka-organizer-na-dlugopisy-zolty-11x11-cm-unikalny-wzor\/\" class=\"wc-block-grid__product-link\">\n\t\t\t\t\t\n\t\t\t\t\t<div class=\"wc-block-grid__product-image\"><div style=\"position:relative;width:100%;height:100%;\"><img loading=\"lazy\" decoding=\"async\" width=\"300\" height=\"300\" src=\"https:\/\/ehub.buzzpulse.pl\/wp-content\/uploads\/2025\/12\/3bb73023615ed399bd3fc845666fb6e8-2-300x300.png\" class=\"attachment-woocommerce_thumbnail size-woocommerce_thumbnail\" alt=\"683caf49133f9cb2bfe69ab5ce749d61\" srcset=\"https:\/\/ehub.buzzpulse.pl\/wp-content\/uploads\/2025\/12\/3bb73023615ed399bd3fc845666fb6e8-2-300x300.png 300w, https:\/\/ehub.buzzpulse.pl\/wp-content\/uploads\/2025\/12\/3bb73023615ed399bd3fc845666fb6e8-2-150x150.png 150w, https:\/\/ehub.buzzpulse.pl\/wp-content\/uploads\/2025\/12\/3bb73023615ed399bd3fc845666fb6e8-2-100x100.png 100w\" sizes=\"auto, (max-width: 300px) 100vw, 300px\" title=\"\"><\/div><\/div>\n\t\t\t\t\t<div class=\"wc-block-grid__product-title\">Organizer 3D Koszyk \u015awinka, organizer na d\u0142ugopisy \u2013 \u017c\u00f3\u0142ty, 11&#215;11 cm, unikalny wz\u00f3r<\/div>\n\t\t\t\t<\/a>\n\t\t\t\t<div class=\"wc-block-grid__product-price price\"><span class=\"woocommerce-Price-amount amount\">29,70&nbsp;<span class=\"woocommerce-Price-currencySymbol\">&#122;&#322;<\/span><\/span><\/div>\n\t\t\t\t\n\t\t\t\t<div class=\"wp-block-button wc-block-grid__product-add-to-cart\"><a href=\"\/index.php\/wp-json\/wp\/v2\/pages\/8?add-to-cart=2105\" aria-label=\"Dodaj do koszyka: &bdquo;Organizer 3D Koszyk \u015awinka, organizer na d\u0142ugopisy \u2013 \u017c\u00f3\u0142ty, 11x11 cm, unikalny wz\u00f3r&rdquo;\" data-quantity=\"1\" data-product_id=\"2105\" data-product_sku=\"EHUB00000012\" data-price=\"29.7\" rel=\"nofollow\" class=\"wp-block-button__link  add_to_cart_button ajax_add_to_cart\">Dodaj do koszyka<\/a><\/div>\n\t\t\t<\/li><\/ul><\/div><\/div>\n<\/div>\n","protected":false},"excerpt":{"rendered":"","protected":false},"author":1,"featured_media":0,"parent":0,"menu_order":0,"comment_status":"closed","ping_status":"closed","template":"","meta":{"footnotes":""},"class_list":["post-8","page","type-page","status-publish","hentry"],"blocksy_meta":[],"_links":{"self":[{"href":"https:\/\/ehub.buzzpulse.pl\/index.php\/wp-json\/wp\/v2\/pages\/8","targetHints":{"allow":["GET"]}}],"collection":[{"href":"https:\/\/ehub.buzzpulse.pl\/index.php\/wp-json\/wp\/v2\/pages"}],"about":[{"href":"https:\/\/ehub.buzzpulse.pl\/index.php\/wp-json\/wp\/v2\/types\/page"}],"author":[{"embeddable":true,"href":"https:\/\/ehub.buzzpulse.pl\/index.php\/wp-json\/wp\/v2\/users\/1"}],"replies":[{"embeddable":true,"href":"https:\/\/ehub.buzzpulse.pl\/index.php\/wp-json\/wp\/v2\/comments?post=8"}],"version-history":[{"count":1,"href":"https:\/\/ehub.buzzpulse.pl\/index.php\/wp-json\/wp\/v2\/pages\/8\/revisions"}],"predecessor-version":[{"id":60,"href":"https:\/\/ehub.buzzpulse.pl\/index.php\/wp-json\/wp\/v2\/pages\/8\/revisions\/60"}],"wp:attachment":[{"href":"https:\/\/ehub.buzzpulse.pl\/index.php\/wp-json\/wp\/v2\/media?parent=8"}],"curies":[{"name":"wp","href":"https:\/\/api.w.org\/{rel}","templated":true}]}}