{"id":1414,"date":"2025-12-03T13:07:22","date_gmt":"2025-12-03T13:07:22","guid":{"rendered":"https:\/\/ehub.buzzpulse.pl\/index.php\/produkt\/brelok-stormtrooper-skull-pla-zlocona-roza-rozowo-zlota-3x24cm\/"},"modified":"2025-12-05T12:28:21","modified_gmt":"2025-12-05T12:28:21","slug":"brelok-stormtrooper-skull-pla-zlocona-roza-rozowo-zlota-3x24cm","status":"publish","type":"product","link":"https:\/\/ehub.buzzpulse.pl\/index.php\/produkt\/brelok-stormtrooper-skull-pla-zlocona-roza-rozowo-zlota-3x24cm\/","title":{"rendered":"Brelok Stormtrooper Skull PLA Z\u0142ocona r\u00f3\u017ca (r\u00f3\u017cowo-z\u0142ota) 3\u00d72,4cm"},"content":{"rendered":"<section class=\"section\">\n<div class=\"item item-12\">\n<section class=\"text-item\">Oryginalny brelok z karabi\u0144czykiem 3D inspirowany he\u0142mem <b>Stormtroopera<\/b> w stylu \u201eskull\u201d (czaszka). Wykonany z ekologicznego PLA w kolorze Z\u0142ocona r\u00f3\u017ca (r\u00f3\u017cowo-z\u0142ota) z u\u017cyciem technologii druku 3D. Idealny gad\u017cet dla fan\u00f3w science-fiction i unikalnych dodatk\u00f3w.<\/p>\n<p>Brelok w kszta\u0142cie czaszki Stormtroopera wykonany technik\u0105 druku 3D. Materia\u0142 PLA.<\/p>\n<p><b>Wymiary<\/b>:<\/p>\n<ul>\n<li>Wysoko\u015b\u0107: 3 cm<\/li>\n<li>Szeroko\u015b\u0107: 2,4 cm<\/li>\n<\/ul>\n<p><b>Materia\u0142<\/b>:<\/p>\n<ul>\n<li>Figurka: PLA (tworzywo biodegradowalne)<\/li>\n<li>Karabi\u0144czyk: stal nierdzewna<\/li>\n<\/ul>\n<p><b>Kolor<\/b>: Z\u0142ocona r\u00f3\u017ca (r\u00f3\u017cowo-z\u0142ota)<\/p>\n<p><b>Technologia wykonania:<\/b>\u00a0druk 3D<\/p>\n<p><b>Motyw<\/b>:\u00a0czaszka Stormtroopera \/ science fiction<\/p>\n<\/section>\n<\/div>\n<\/section>\n","protected":false},"excerpt":{"rendered":"<p>Oryginalny brelok z karabi\u0144czykiem 3D inspirowany he\u0142mem Stormtroopera w stylu \u201eskull\u201d (czaszka). Wykonany z ekologicznego PLA w kolorze Z\u0142ocona r\u00f3\u017ca (r\u00f3\u017cowo-z\u0142ota) z u\u017cyciem technologii druku 3D. Idealny gad\u017cet dla fan\u00f3w science-fiction i unikalnych dodatk\u00f3w. Brelok w kszta\u0142cie czaszki Stormtroopera wykonany technik\u0105 druku 3D. Materia\u0142 PLA. Wymiary: Wysoko\u015b\u0107: 3 cm Szeroko\u015b\u0107: 2,4 cm Materia\u0142: Figurka: PLA [&hellip;]<\/p>\n","protected":false},"featured_media":1424,"template":"","meta":[],"product_brand":[33],"product_cat":[35,22],"product_tag":[37],"class_list":{"0":"post-1414","1":"product","2":"type-product","3":"status-publish","4":"has-post-thumbnail","6":"product_brand-ehub","7":"product_cat-breloki","8":"product_cat-dom-i-wystroj","9":"product_tag-breloki","11":"first","12":"instock","13":"featured","14":"taxable","15":"shipping-taxable","16":"purchasable","17":"product-type-simple"},"_links":{"self":[{"href":"https:\/\/ehub.buzzpulse.pl\/index.php\/wp-json\/wp\/v2\/product\/1414","targetHints":{"allow":["GET"]}}],"collection":[{"href":"https:\/\/ehub.buzzpulse.pl\/index.php\/wp-json\/wp\/v2\/product"}],"about":[{"href":"https:\/\/ehub.buzzpulse.pl\/index.php\/wp-json\/wp\/v2\/types\/product"}],"wp:featuredmedia":[{"embeddable":true,"href":"https:\/\/ehub.buzzpulse.pl\/index.php\/wp-json\/wp\/v2\/media\/1424"}],"wp:attachment":[{"href":"https:\/\/ehub.buzzpulse.pl\/index.php\/wp-json\/wp\/v2\/media?parent=1414"}],"wp:term":[{"taxonomy":"product_brand","embeddable":true,"href":"https:\/\/ehub.buzzpulse.pl\/index.php\/wp-json\/wp\/v2\/product_brand?post=1414"},{"taxonomy":"product_cat","embeddable":true,"href":"https:\/\/ehub.buzzpulse.pl\/index.php\/wp-json\/wp\/v2\/product_cat?post=1414"},{"taxonomy":"product_tag","embeddable":true,"href":"https:\/\/ehub.buzzpulse.pl\/index.php\/wp-json\/wp\/v2\/product_tag?post=1414"}],"curies":[{"name":"wp","href":"https:\/\/api.w.org\/{rel}","templated":true}]}}