{"id":1877,"date":"2025-12-03T19:36:47","date_gmt":"2025-12-03T19:36:47","guid":{"rendered":"https:\/\/ehub.buzzpulse.pl\/index.php\/produkt\/stojak-na-ladowarke-apple-watch-7-cm-uchwyt-czarny\/"},"modified":"2025-12-05T06:47:56","modified_gmt":"2025-12-05T06:47:56","slug":"stojak-na-ladowarke-apple-watch","status":"publish","type":"product","link":"https:\/\/ehub.buzzpulse.pl\/index.php\/produkt\/stojak-na-ladowarke-apple-watch\/","title":{"rendered":"Stojak na \u0142adowark\u0119 Apple Watch 7 cm, uchwyt, czarny"},"content":{"rendered":"<section class=\"section\">\n<div class=\"item item-12\">\n<section class=\"text-item\">\n<h1>Stojak na \u0142adowark\u0119 Apple Watch \u2013 elegancki i funkcjonalny<\/h1>\n<p data-start=\"237\" data-end=\"510\">Szukasz stylowego i praktycznego sposobu na uporz\u0105dkowanie \u0142adowarki Apple Watch?Ten nowoczesny stojak\u00a0z druku 3D\u00a0to idealne rozwi\u0105zanie do biura, sypialni czy salonu. Dzi\u0119ki\u00a0ergonomicznej konstrukcji\u00a0umo\u017cliwia wygodne \u0142adowanie zegarka bez pl\u0105tania kabli.<\/p>\n<h3 data-start=\"512\" data-end=\"540\">\u2705\u00a0Najwa\u017cniejsze cechy:<\/h3>\n<ul data-start=\"541\" data-end=\"924\">\n<li data-start=\"541\" data-end=\"617\">\n<p data-start=\"543\" data-end=\"617\">Wysoko\u015b\u0107:\u00a07 cm,\u00a0\u015brednica podstawy:\u00a06 cm \u2013 kompaktowy i stabilny.<\/p>\n<\/li>\n<li data-start=\"618\" data-end=\"698\">\n<p data-start=\"620\" data-end=\"698\">Nowoczesny design\u00a0\u2013 stylowa a\u017curowa struktura pasuje do ka\u017cdego wn\u0119trza.<\/p>\n<\/li>\n<li data-start=\"699\" data-end=\"776\">\n<p data-start=\"701\" data-end=\"776\">Precyzyjne dopasowanie\u00a0\u2013 dedykowany uchwyt dla \u0142adowarki Apple Watch.<\/p>\n<\/li>\n<li data-start=\"777\" data-end=\"846\">\n<p data-start=\"779\" data-end=\"846\">Materia\u0142 PLA\u00a0\u2013 ekologiczny, lekki, a jednocze\u015bnie wytrzyma\u0142y.<\/p>\n<\/li>\n<li data-start=\"847\" data-end=\"924\">\n<p data-start=\"849\" data-end=\"924\">\u0141atwo\u015b\u0107 u\u017cytkowania\u00a0\u2013 wystarczy w\u0142o\u017cy\u0107 \u0142adowark\u0119 i pod\u0142\u0105czy\u0107 zegarek.<\/p>\n<\/li>\n<\/ul>\n<h3>Dlaczego warto?<\/h3>\n<p data-start=\"955\" data-end=\"1171\">\u2714\u00a0Stabilna konstrukcja\u00a0\u2013 zegarek nie \u015blizga si\u0119 podczas \u0142adowania.\u2714\u00a0Uporz\u0105dkowane kable\u00a0\u2013 brak pl\u0105taniny przewod\u00f3w na biurku.\u2714\u00a0Minimalistyczny wygl\u0105d\u00a0\u2013 pasuje do stylu Apple i nowoczesnych wn\u0119trz.<\/p>\n<h2 data-start=\"1173\" data-end=\"1258\">\u2728\u00a0Idealne rozwi\u0105zanie dla posiadaczy Apple Watch, kt\u00f3rzy ceni\u0105 wygod\u0119 i estetyk\u0119!<\/h2>\n<\/section>\n<\/div>\n<\/section>\n","protected":false},"excerpt":{"rendered":"<p>Stojak na \u0142adowark\u0119 Apple Watch \u2013 elegancki i funkcjonalny<\/p>\n<p data-start=\"237\" data-end=\"510\">Szukasz stylowego i praktycznego sposobu na uporz\u0105dkowanie \u0142adowarki Apple Watch?Ten nowoczesny stojak\u00a0z druku 3D\u00a0to idealne rozwi\u0105zanie do biura, sypialni czy salonu. Dzi\u0119ki\u00a0ergonomicznej konstrukcji\u00a0umo\u017cliwia wygodne \u0142adowanie zegarka bez pl\u0105tania kabli.<\/p>\n","protected":false},"featured_media":1856,"template":"","meta":[],"product_brand":[33],"product_cat":[23],"product_tag":[29],"class_list":{"0":"post-1877","1":"product","2":"type-product","3":"status-publish","4":"has-post-thumbnail","6":"product_brand-ehub","7":"product_cat-gadzety-i-akcesoria","8":"product_tag-apple","10":"first","11":"instock","12":"taxable","13":"shipping-taxable","14":"purchasable","15":"product-type-simple"},"_links":{"self":[{"href":"https:\/\/ehub.buzzpulse.pl\/index.php\/wp-json\/wp\/v2\/product\/1877","targetHints":{"allow":["GET"]}}],"collection":[{"href":"https:\/\/ehub.buzzpulse.pl\/index.php\/wp-json\/wp\/v2\/product"}],"about":[{"href":"https:\/\/ehub.buzzpulse.pl\/index.php\/wp-json\/wp\/v2\/types\/product"}],"wp:featuredmedia":[{"embeddable":true,"href":"https:\/\/ehub.buzzpulse.pl\/index.php\/wp-json\/wp\/v2\/media\/1856"}],"wp:attachment":[{"href":"https:\/\/ehub.buzzpulse.pl\/index.php\/wp-json\/wp\/v2\/media?parent=1877"}],"wp:term":[{"taxonomy":"product_brand","embeddable":true,"href":"https:\/\/ehub.buzzpulse.pl\/index.php\/wp-json\/wp\/v2\/product_brand?post=1877"},{"taxonomy":"product_cat","embeddable":true,"href":"https:\/\/ehub.buzzpulse.pl\/index.php\/wp-json\/wp\/v2\/product_cat?post=1877"},{"taxonomy":"product_tag","embeddable":true,"href":"https:\/\/ehub.buzzpulse.pl\/index.php\/wp-json\/wp\/v2\/product_tag?post=1877"}],"curies":[{"name":"wp","href":"https:\/\/api.w.org\/{rel}","templated":true}]}}