{"id":2035,"date":"2025-12-05T19:03:33","date_gmt":"2025-12-05T19:03:33","guid":{"rendered":"https:\/\/ehub.buzzpulse.pl\/index.php\/produkt\/zestaw-wielkanocny-azurowy-krolik-10-cm-6-pisanek-6-cm-zolty\/"},"modified":"2025-12-05T20:17:38","modified_gmt":"2025-12-05T20:17:38","slug":"zestaw-wielkanocny-azurowy-krolik-10-cm-6-pisanek-6-cm-zolty","status":"publish","type":"product","link":"https:\/\/ehub.buzzpulse.pl\/index.php\/produkt\/zestaw-wielkanocny-azurowy-krolik-10-cm-6-pisanek-6-cm-zolty\/","title":{"rendered":"Zestaw wielkanocny:  a\u017curowy kr\u00f3lik 10 cm + 6 pisanek 6 cm, \u017c\u00f3\u0142ty"},"content":{"rendered":"<section class=\"section\">\n<div class=\"item item-12\">\n<section class=\"text-item\">\n<p data-start=\"153\" data-end=\"209\">Zestaw wielkanocny \u2013 a\u017curowy kr\u00f3lik i pisanki<\/p>\n<p data-start=\"211\" data-end=\"422\">Stylowy\u00a0dekoracyjny zestaw wielkanocny, wykonany metod\u0105 druku 3D z ekologicznego PLA. W sk\u0142ad zestawu wchodz\u0105\u00a0kr\u00f3lik o wysoko\u015bci 10 cm i 6 a\u017curowych jajek, kt\u00f3re doskonale uzupe\u0142ni\u0105 \u015bwi\u0105teczny wystr\u00f3j.<\/p>\n<p data-start=\"424\" data-end=\"445\">\u2705\u00a0Specyfikacja:<\/p>\n<ul data-start=\"446\" data-end=\"653\">\n<li data-start=\"446\" data-end=\"492\">\n<p data-start=\"448\" data-end=\"492\">Kr\u00f3lik:\u00a0wysoko\u015b\u0107 10 cm, szeroko\u015b\u0107 6 cm<\/p>\n<\/li>\n<li data-start=\"493\" data-end=\"547\">\n<p data-start=\"495\" data-end=\"547\">Pisanki:\u00a0wysoko\u015b\u0107 6 cm, \u015brednica 5 cm (6 szt.)<\/p>\n<\/li>\n<li data-start=\"548\" data-end=\"595\">\n<p data-start=\"550\" data-end=\"595\">Materia\u0142:\u00a0PLA (biodegradowalny plastik)<\/p>\n<\/li>\n<li data-start=\"596\" data-end=\"616\">\n<p data-start=\"598\" data-end=\"616\">Kolor:\u00a0\u017c\u00f3\u0142ty<\/p>\n<\/li>\n<li data-start=\"617\" data-end=\"653\">\n<p data-start=\"619\" data-end=\"653\">Design:\u00a0lekkie a\u017curowe wzory<\/p>\n<\/li>\n<\/ul>\n<p data-start=\"655\" data-end=\"793\">\u2728\u00a0Zalety:\u2714 Nowoczesny, elegancki wygl\u0105d\u2714 Lekki i wytrzyma\u0142y \u2013 niet\u0142uk\u0105cy, \u0142atwy w aran\u017cacji\u2714 Idealna dekoracja na Wielkanoc<\/p>\n<p data-start=\"795\" data-end=\"851\">?\u00a0Doskona\u0142y na prezent lub \u015bwi\u0105teczny wystr\u00f3j domu!<\/p>\n<\/section><\/div>\n<\/section>\n","protected":false},"excerpt":{"rendered":"<p>Zestaw wielkanocny \u2013 a\u017curowy kr\u00f3lik i pisanki Stylowy\u00a0dekoracyjny zestaw wielkanocny, wykonany metod\u0105 druku 3D z ekologicznego PLA. W sk\u0142ad zestawu wchodz\u0105\u00a0kr\u00f3lik o wysoko\u015bci 10 cm i 6 a\u017curowych jajek, kt\u00f3re doskonale uzupe\u0142ni\u0105 \u015bwi\u0105teczny wystr\u00f3j. \u2705\u00a0Specyfikacja: Kr\u00f3lik:\u00a0wysoko\u015b\u0107 10 cm, szeroko\u015b\u0107 6 cm Pisanki:\u00a0wysoko\u015b\u0107 6 cm, \u015brednica 5 cm (6 szt.) Materia\u0142:\u00a0PLA (biodegradowalny plastik) Kolor:\u00a0\u017c\u00f3\u0142ty Design:\u00a0lekkie a\u017curowe [&hellip;]<\/p>\n","protected":false},"featured_media":2036,"template":"","meta":[],"product_brand":[],"product_cat":[24],"product_tag":[],"class_list":{"0":"post-2035","1":"product","2":"type-product","3":"status-publish","4":"has-post-thumbnail","6":"product_cat-figurki-i-kolekcje","8":"first","9":"instock","10":"taxable","11":"shipping-taxable","12":"purchasable","13":"product-type-simple"},"_links":{"self":[{"href":"https:\/\/ehub.buzzpulse.pl\/index.php\/wp-json\/wp\/v2\/product\/2035","targetHints":{"allow":["GET"]}}],"collection":[{"href":"https:\/\/ehub.buzzpulse.pl\/index.php\/wp-json\/wp\/v2\/product"}],"about":[{"href":"https:\/\/ehub.buzzpulse.pl\/index.php\/wp-json\/wp\/v2\/types\/product"}],"wp:featuredmedia":[{"embeddable":true,"href":"https:\/\/ehub.buzzpulse.pl\/index.php\/wp-json\/wp\/v2\/media\/2036"}],"wp:attachment":[{"href":"https:\/\/ehub.buzzpulse.pl\/index.php\/wp-json\/wp\/v2\/media?parent=2035"}],"wp:term":[{"taxonomy":"product_brand","embeddable":true,"href":"https:\/\/ehub.buzzpulse.pl\/index.php\/wp-json\/wp\/v2\/product_brand?post=2035"},{"taxonomy":"product_cat","embeddable":true,"href":"https:\/\/ehub.buzzpulse.pl\/index.php\/wp-json\/wp\/v2\/product_cat?post=2035"},{"taxonomy":"product_tag","embeddable":true,"href":"https:\/\/ehub.buzzpulse.pl\/index.php\/wp-json\/wp\/v2\/product_tag?post=2035"}],"curies":[{"name":"wp","href":"https:\/\/api.w.org\/{rel}","templated":true}]}}