{"id":2066,"date":"2025-12-05T19:06:56","date_gmt":"2025-12-05T19:06:56","guid":{"rendered":"https:\/\/ehub.buzzpulse.pl\/index.php\/produkt\/pleciona-misa-dekoracyjna-o16-cm-zolta-wykonana-technika-druku-3d-z-pla\/"},"modified":"2025-12-05T20:15:19","modified_gmt":"2025-12-05T20:15:19","slug":"pleciona-misa-dekoracyjna-o16-cm-zolta-wykonana-technika-druku-3d-z-pla","status":"publish","type":"product","link":"https:\/\/ehub.buzzpulse.pl\/index.php\/produkt\/pleciona-misa-dekoracyjna-o16-cm-zolta-wykonana-technika-druku-3d-z-pla\/","title":{"rendered":"Pleciona misa dekoracyjna \u00d816 cm \u017c\u00f3\u0142ta  wykonana technik\u0105 druku 3D z  PLA"},"content":{"rendered":"<section class=\"section\">\n<div class=\"item item-12\">\n<section class=\"text-item\">\n<p><b>Dekoracyjna misa \u00d816 cm<\/b>\u00a0wykonana technik\u0105 druku 3D z ekologicznego tworzywa PLA. Ma struktur\u0119 przypominaj\u0105c\u0105 plecionk\u0119 z rattanu \u2013 estetyczna, lekka i trwa\u0142a. Idealna do przechowywania drobiazg\u00f3w, bi\u017cuterii, kluczy lub jako element dekoracyjny sto\u0142u.<\/p>\n<p><b>Specyfikacja:<\/b><\/p>\n<ul>\n<li>\u015arednica zewn\u0119trzna:\u00a016 cm<\/li>\n<li>Wysoko\u015b\u0107:\u00a06,5 cm<\/li>\n<li>\u015arednica podstawy:\u00a010 cm<\/li>\n<li>Materia\u0142:\u00a0PLA (biodegradowalne tworzywo sztuczne)<\/li>\n<li>Kolor:\u00a0\u017co\u0142ta (naturalny odcie\u0144)<\/li>\n<li>Technologia wykonania:\u00a0druk 3D<\/li>\n<\/ul>\n<p><b>\u2705\u00a0Zalety:<\/b><\/p>\n<ul>\n<li>Ekologiczny materia\u0142 \u2014 bezpieczny dla dzieci i kontaktu z \u017cywno\u015bci\u0105<\/li>\n<li>Unikalny wygl\u0105d \u2014 imituje naturalny rattan<\/li>\n<li>Pasuje do styl\u00f3w: skandynawski, eko, boho<\/li>\n<li>Lekka, a zarazem wytrzyma\u0142a<\/li>\n<li>Uniwersalne zastosowanie \u2014 jako dekoracja, pojemnik lub organizer<\/li>\n<\/ul>\n<\/section><\/div>\n<\/section>\n","protected":false},"excerpt":{"rendered":"<p>Dekoracyjna misa \u00d816 cm\u00a0wykonana technik\u0105 druku 3D z ekologicznego tworzywa PLA. Ma struktur\u0119 przypominaj\u0105c\u0105 plecionk\u0119 z rattanu \u2013 estetyczna, lekka i trwa\u0142a. Idealna do przechowywania drobiazg\u00f3w, bi\u017cuterii, kluczy lub jako element dekoracyjny sto\u0142u. Specyfikacja: \u015arednica zewn\u0119trzna:\u00a016 cm Wysoko\u015b\u0107:\u00a06,5 cm \u015arednica podstawy:\u00a010 cm Materia\u0142:\u00a0PLA (biodegradowalne tworzywo sztuczne) Kolor:\u00a0\u017co\u0142ta (naturalny odcie\u0144) Technologia wykonania:\u00a0druk 3D \u2705\u00a0Zalety: Ekologiczny materia\u0142 [&hellip;]<\/p>\n","protected":false},"featured_media":2067,"template":"","meta":[],"product_brand":[],"product_cat":[24],"product_tag":[],"class_list":{"0":"post-2066","1":"product","2":"type-product","3":"status-publish","4":"has-post-thumbnail","6":"product_cat-figurki-i-kolekcje","8":"first","9":"instock","10":"taxable","11":"shipping-taxable","12":"purchasable","13":"product-type-simple"},"_links":{"self":[{"href":"https:\/\/ehub.buzzpulse.pl\/index.php\/wp-json\/wp\/v2\/product\/2066","targetHints":{"allow":["GET"]}}],"collection":[{"href":"https:\/\/ehub.buzzpulse.pl\/index.php\/wp-json\/wp\/v2\/product"}],"about":[{"href":"https:\/\/ehub.buzzpulse.pl\/index.php\/wp-json\/wp\/v2\/types\/product"}],"wp:featuredmedia":[{"embeddable":true,"href":"https:\/\/ehub.buzzpulse.pl\/index.php\/wp-json\/wp\/v2\/media\/2067"}],"wp:attachment":[{"href":"https:\/\/ehub.buzzpulse.pl\/index.php\/wp-json\/wp\/v2\/media?parent=2066"}],"wp:term":[{"taxonomy":"product_brand","embeddable":true,"href":"https:\/\/ehub.buzzpulse.pl\/index.php\/wp-json\/wp\/v2\/product_brand?post=2066"},{"taxonomy":"product_cat","embeddable":true,"href":"https:\/\/ehub.buzzpulse.pl\/index.php\/wp-json\/wp\/v2\/product_cat?post=2066"},{"taxonomy":"product_tag","embeddable":true,"href":"https:\/\/ehub.buzzpulse.pl\/index.php\/wp-json\/wp\/v2\/product_tag?post=2066"}],"curies":[{"name":"wp","href":"https:\/\/api.w.org\/{rel}","templated":true}]}}