{"id":2082,"date":"2025-12-05T19:09:19","date_gmt":"2025-12-05T19:09:19","guid":{"rendered":"https:\/\/ehub.buzzpulse.pl\/index.php\/produkt\/elastyczny-smok-3d-42-cm-zolty-dekoracyjna-figurka\/"},"modified":"2025-12-05T20:14:36","modified_gmt":"2025-12-05T20:14:36","slug":"elastyczny-smok-3d-42-cm-zolty-dekoracyjna-figurka","status":"publish","type":"product","link":"https:\/\/ehub.buzzpulse.pl\/index.php\/produkt\/elastyczny-smok-3d-42-cm-zolty-dekoracyjna-figurka\/","title":{"rendered":"Elastyczny smok 3D, 42 cm, \u017c\u00f3\u0142ty, dekoracyjna figurka"},"content":{"rendered":"<section class=\"section\">\n<div class=\"item item-12\">\n<section class=\"text-item\">\n<p><b>?\u00a0Elastyczna figurka smoka 3D<\/b>\u00a0\u2013 unikalny gad\u017cet dla fan\u00f3w fantastyki i nowoczesnego designu! Wykonany z\u00a0wysokiej jako\u015bci PLA, smok ma elastyczn\u0105 konstrukcj\u0119, dzi\u0119ki kt\u00f3rej mo\u017cna go uk\u0142ada\u0107 w r\u00f3\u017cnych pozycjach.<\/p>\n<p><b>\u2705\u00a0Cechy produktu:<\/b><\/p>\n<ul>\n<li>D\u0142ugo\u015b\u0107:\u00a042 cm<\/li>\n<li>Maksymalna szeroko\u015b\u0107:\u00a04 cm<\/li>\n<li>Materia\u0142:\u00a0ekologiczne PLA<\/li>\n<li>Kolor:\u00a0\u017c\u00f3\u0142ty<\/li>\n<li>Elastyczna konstrukcja\u00a0\u2013 poruszaj\u0105ce si\u0119 segmenty<\/li>\n<\/ul>\n<p><b>? Idealny jako\u00a0ozdoba, zabawka antystresowa\u00a0lub\u00a0niebanalny prezent!<\/b><\/p>\n<\/section><\/div>\n<\/section>\n","protected":false},"excerpt":{"rendered":"<p>?\u00a0Elastyczna figurka smoka 3D\u00a0\u2013 unikalny gad\u017cet dla fan\u00f3w fantastyki i nowoczesnego designu! Wykonany z\u00a0wysokiej jako\u015bci PLA, smok ma elastyczn\u0105 konstrukcj\u0119, dzi\u0119ki kt\u00f3rej mo\u017cna go uk\u0142ada\u0107 w r\u00f3\u017cnych pozycjach. \u2705\u00a0Cechy produktu: D\u0142ugo\u015b\u0107:\u00a042 cm Maksymalna szeroko\u015b\u0107:\u00a04 cm Materia\u0142:\u00a0ekologiczne PLA Kolor:\u00a0\u017c\u00f3\u0142ty Elastyczna konstrukcja\u00a0\u2013 poruszaj\u0105ce si\u0119 segmenty ? Idealny jako\u00a0ozdoba, zabawka antystresowa\u00a0lub\u00a0niebanalny prezent!<\/p>\n","protected":false},"featured_media":2096,"template":"","meta":[],"product_brand":[],"product_cat":[24],"product_tag":[],"class_list":{"0":"post-2082","1":"product","2":"type-product","3":"status-publish","4":"has-post-thumbnail","6":"product_cat-figurki-i-kolekcje","8":"first","9":"instock","10":"taxable","11":"shipping-taxable","12":"purchasable","13":"product-type-simple"},"_links":{"self":[{"href":"https:\/\/ehub.buzzpulse.pl\/index.php\/wp-json\/wp\/v2\/product\/2082","targetHints":{"allow":["GET"]}}],"collection":[{"href":"https:\/\/ehub.buzzpulse.pl\/index.php\/wp-json\/wp\/v2\/product"}],"about":[{"href":"https:\/\/ehub.buzzpulse.pl\/index.php\/wp-json\/wp\/v2\/types\/product"}],"wp:featuredmedia":[{"embeddable":true,"href":"https:\/\/ehub.buzzpulse.pl\/index.php\/wp-json\/wp\/v2\/media\/2096"}],"wp:attachment":[{"href":"https:\/\/ehub.buzzpulse.pl\/index.php\/wp-json\/wp\/v2\/media?parent=2082"}],"wp:term":[{"taxonomy":"product_brand","embeddable":true,"href":"https:\/\/ehub.buzzpulse.pl\/index.php\/wp-json\/wp\/v2\/product_brand?post=2082"},{"taxonomy":"product_cat","embeddable":true,"href":"https:\/\/ehub.buzzpulse.pl\/index.php\/wp-json\/wp\/v2\/product_cat?post=2082"},{"taxonomy":"product_tag","embeddable":true,"href":"https:\/\/ehub.buzzpulse.pl\/index.php\/wp-json\/wp\/v2\/product_tag?post=2082"}],"curies":[{"name":"wp","href":"https:\/\/api.w.org\/{rel}","templated":true}]}}